{"id":2760,"date":"2026-02-01T14:34:12","date_gmt":"2026-02-01T14:34:12","guid":{"rendered":"https:\/\/thecuriouscultivar.com\/?post_type=product&#038;p=2760"},"modified":"2026-02-06T20:01:51","modified_gmt":"2026-02-06T20:01:51","slug":"chernobyl-jalapeno-pepper","status":"publish","type":"product","link":"https:\/\/thecuriouscultivar.com\/es\/producto\/chernobyl-jalapeno-pepper\/","title":{"rendered":"Jalape\u00f1o, Chernobyl Pepper"},"content":{"rendered":"<p>The largest &#8216;jalape\u00f1o&#8217; we&#8217;ve grown &#8211; though to be honest, the shape doesn&#8217;t maintain much true jalape\u00f1o form.\u00a0 Great flavor, low heat and huge pods that resemble an elongated shishito. Origin for these peppers is Italy, but the original grower is unknown.<\/p>\n<p>Pods ripen from green to red and averaged about 8&#8243; long.<\/p>\n<p><em>C. Annuum<\/em><\/p>\n<p>1,000 &#8211; 3,000 SHU<\/p>\n<p>10 seeds per pack<\/p>","protected":false},"excerpt":{"rendered":"<p>The largest &#8216;jalape\u00f1o&#8217; we&#8217;ve grown &#8211; though to be honest, the shape doesn&#8217;t maintain much true jalape\u00f1o form.\u00a0 Great flavor, low heat and huge pods that resemble an elongated shishito. Origin for these peppers is Italy, but the original grower is unknown. Pods ripen from green to red and averaged about 8&#8243; long. C. Annuum [&hellip;]<\/p>\n","protected":false},"featured_media":2564,"comment_status":"open","ping_status":"closed","template":"","meta":{"content-type":""},"product_brand":[],"product_cat":[57,56],"product_tag":[58,59],"class_list":{"0":"post-2760","1":"product","2":"type-product","3":"status-publish","4":"has-post-thumbnail","6":"product_cat-peppers","7":"product_cat-seeds","8":"product_tag-peppers","9":"product_tag-seeds","11":"first","12":"instock","13":"taxable","14":"shipping-taxable","15":"purchasable","16":"product-type-simple"},"yoast_head":"<!-- This site is optimized with the Yoast SEO plugin v27.5 - https:\/\/yoast.com\/product\/yoast-seo-wordpress\/ -->\n<title>Jalape\u00f1o, Chernobyl Pepper - The Curious Cultivar<\/title>\n<meta name=\"description\" content=\"The largest &#039;jalape\u00f1o&#039; we&#039;ve grown - though to be honest, the shape doesn&#039;t maintain much true jalape\u00f1o form.\u00a0 Great flavor, low heat and huge pods that resemble an elongated shishito. Origin for these peppers is Italy, but the original grower is unknown. Pods ripen from green to red and averaged about 8&quot; long.C. Annuum1,000 - 3,000 SHU10 seeds per pack\" \/>\n<meta name=\"robots\" content=\"index, follow, max-snippet:-1, max-image-preview:large, max-video-preview:-1\" \/>\n<link rel=\"canonical\" href=\"https:\/\/thecuriouscultivar.com\/es\/producto\/chernobyl-jalapeno-pepper\/\" \/>\n<meta property=\"og:locale\" content=\"es_ES\" \/>\n<meta property=\"og:type\" content=\"article\" \/>\n<meta property=\"og:title\" content=\"Jalape\u00f1o, Chernobyl Pepper - The Curious Cultivar\" \/>\n<meta property=\"og:description\" content=\"The largest &#039;jalape\u00f1o&#039; we&#039;ve grown - though to be honest, the shape doesn&#039;t maintain much true jalape\u00f1o form.\u00a0 Great flavor, low heat and huge pods that resemble an elongated shishito. Origin for these peppers is Italy, but the original grower is unknown. Pods ripen from green to red and averaged about 8&quot; long.C. Annuum1,000 - 3,000 SHU10 seeds per pack\" \/>\n<meta property=\"og:url\" content=\"https:\/\/thecuriouscultivar.com\/es\/producto\/chernobyl-jalapeno-pepper\/\" \/>\n<meta property=\"og:site_name\" content=\"The Curious Cultivar\" \/>\n<meta property=\"article:publisher\" content=\"https:\/\/www.facebook.com\/thecuriouscultivar\" \/>\n<meta property=\"article:modified_time\" content=\"2026-02-06T20:01:51+00:00\" \/>\n<meta property=\"og:image\" content=\"https:\/\/thecuriouscultivar.com\/wp-content\/uploads\/2026\/01\/IMG-8089-2.jpg\" \/>\n\t<meta property=\"og:image:width\" content=\"2100\" \/>\n\t<meta property=\"og:image:height\" content=\"1575\" \/>\n\t<meta property=\"og:image:type\" content=\"image\/jpeg\" \/>\n<meta name=\"twitter:card\" content=\"summary_large_image\" \/>\n<meta name=\"twitter:label1\" content=\"Tiempo de lectura\" \/>\n\t<meta name=\"twitter:data1\" content=\"1 minuto\" \/>\n<script type=\"application\/ld+json\" class=\"yoast-schema-graph\">{\"@context\":\"https:\\\/\\\/schema.org\",\"@graph\":[{\"@type\":\"WebPage\",\"@id\":\"https:\\\/\\\/thecuriouscultivar.com\\\/product\\\/chernobyl-jalapeno-pepper\\\/\",\"url\":\"https:\\\/\\\/thecuriouscultivar.com\\\/product\\\/chernobyl-jalapeno-pepper\\\/\",\"name\":\"Jalape\u00f1o, Chernobyl Pepper - The Curious Cultivar\",\"isPartOf\":{\"@id\":\"https:\\\/\\\/thecuriouscultivar.com\\\/#website\"},\"primaryImageOfPage\":{\"@id\":\"https:\\\/\\\/thecuriouscultivar.com\\\/product\\\/chernobyl-jalapeno-pepper\\\/#primaryimage\"},\"image\":{\"@id\":\"https:\\\/\\\/thecuriouscultivar.com\\\/product\\\/chernobyl-jalapeno-pepper\\\/#primaryimage\"},\"thumbnailUrl\":\"https:\\\/\\\/thecuriouscultivar.com\\\/wp-content\\\/uploads\\\/2026\\\/01\\\/IMG-8089-2.jpg\",\"datePublished\":\"2026-02-01T14:34:12+00:00\",\"dateModified\":\"2026-02-06T20:01:51+00:00\",\"description\":\"The largest 'jalape\u00f1o' we've grown - though to be honest, the shape doesn't maintain much true jalape\u00f1o form.\u00a0 Great flavor, low heat and huge pods that resemble an elongated shishito. Origin for these peppers is Italy, but the original grower is unknown. Pods ripen from green to red and averaged about 8\\\" long.C. Annuum1,000 - 3,000 SHU10 seeds per pack\",\"breadcrumb\":{\"@id\":\"https:\\\/\\\/thecuriouscultivar.com\\\/product\\\/chernobyl-jalapeno-pepper\\\/#breadcrumb\"},\"inLanguage\":\"es\",\"potentialAction\":[{\"@type\":\"ReadAction\",\"target\":[\"https:\\\/\\\/thecuriouscultivar.com\\\/product\\\/chernobyl-jalapeno-pepper\\\/\"]}]},{\"@type\":\"ImageObject\",\"inLanguage\":\"es\",\"@id\":\"https:\\\/\\\/thecuriouscultivar.com\\\/product\\\/chernobyl-jalapeno-pepper\\\/#primaryimage\",\"url\":\"https:\\\/\\\/thecuriouscultivar.com\\\/wp-content\\\/uploads\\\/2026\\\/01\\\/IMG-8089-2.jpg\",\"contentUrl\":\"https:\\\/\\\/thecuriouscultivar.com\\\/wp-content\\\/uploads\\\/2026\\\/01\\\/IMG-8089-2.jpg\",\"width\":2100,\"height\":1575},{\"@type\":\"BreadcrumbList\",\"@id\":\"https:\\\/\\\/thecuriouscultivar.com\\\/product\\\/chernobyl-jalapeno-pepper\\\/#breadcrumb\",\"itemListElement\":[{\"@type\":\"ListItem\",\"position\":1,\"name\":\"Home\",\"item\":\"https:\\\/\\\/thecuriouscultivar.com\\\/\"},{\"@type\":\"ListItem\",\"position\":2,\"name\":\"Shop\",\"item\":\"https:\\\/\\\/thecuriouscultivar.com\\\/shop\\\/\"},{\"@type\":\"ListItem\",\"position\":3,\"name\":\"Jalape\u00f1o, Chernobyl Pepper\"}]},{\"@type\":\"WebSite\",\"@id\":\"https:\\\/\\\/thecuriouscultivar.com\\\/#website\",\"url\":\"https:\\\/\\\/thecuriouscultivar.com\\\/\",\"name\":\"The Curious Cultivar\",\"description\":\"\",\"publisher\":{\"@id\":\"https:\\\/\\\/thecuriouscultivar.com\\\/#organization\"},\"potentialAction\":[{\"@type\":\"SearchAction\",\"target\":{\"@type\":\"EntryPoint\",\"urlTemplate\":\"https:\\\/\\\/thecuriouscultivar.com\\\/?s={search_term_string}\"},\"query-input\":{\"@type\":\"PropertyValueSpecification\",\"valueRequired\":true,\"valueName\":\"search_term_string\"}}],\"inLanguage\":\"es\"},{\"@type\":\"Organization\",\"@id\":\"https:\\\/\\\/thecuriouscultivar.com\\\/#organization\",\"name\":\"The Curious Cultivar\",\"url\":\"https:\\\/\\\/thecuriouscultivar.com\\\/\",\"logo\":{\"@type\":\"ImageObject\",\"inLanguage\":\"es\",\"@id\":\"https:\\\/\\\/thecuriouscultivar.com\\\/#\\\/schema\\\/logo\\\/image\\\/\",\"url\":\"https:\\\/\\\/thecuriouscultivar.com\\\/wp-content\\\/uploads\\\/2026\\\/02\\\/IMG-8824.jpg\",\"contentUrl\":\"https:\\\/\\\/thecuriouscultivar.com\\\/wp-content\\\/uploads\\\/2026\\\/02\\\/IMG-8824.jpg\",\"width\":916,\"height\":632,\"caption\":\"The Curious Cultivar\"},\"image\":{\"@id\":\"https:\\\/\\\/thecuriouscultivar.com\\\/#\\\/schema\\\/logo\\\/image\\\/\"},\"sameAs\":[\"https:\\\/\\\/www.facebook.com\\\/thecuriouscultivar\"]}]}<\/script>\n<!-- \/ Yoast SEO plugin. -->","yoast_head_json":{"title":"Jalape\u00f1o, Chernobyl Pepper - The Curious Cultivar","description":"The largest 'jalape\u00f1o' we've grown - though to be honest, the shape doesn't maintain much true jalape\u00f1o form.\u00a0 Great flavor, low heat and huge pods that resemble an elongated shishito. Origin for these peppers is Italy, but the original grower is unknown. Pods ripen from green to red and averaged about 8\" long.C. Annuum1,000 - 3,000 SHU10 seeds per pack","robots":{"index":"index","follow":"follow","max-snippet":"max-snippet:-1","max-image-preview":"max-image-preview:large","max-video-preview":"max-video-preview:-1"},"canonical":"https:\/\/thecuriouscultivar.com\/es\/producto\/chernobyl-jalapeno-pepper\/","og_locale":"es_ES","og_type":"article","og_title":"Jalape\u00f1o, Chernobyl Pepper - The Curious Cultivar","og_description":"The largest 'jalape\u00f1o' we've grown - though to be honest, the shape doesn't maintain much true jalape\u00f1o form.\u00a0 Great flavor, low heat and huge pods that resemble an elongated shishito. Origin for these peppers is Italy, but the original grower is unknown. Pods ripen from green to red and averaged about 8\" long.C. Annuum1,000 - 3,000 SHU10 seeds per pack","og_url":"https:\/\/thecuriouscultivar.com\/es\/producto\/chernobyl-jalapeno-pepper\/","og_site_name":"The Curious Cultivar","article_publisher":"https:\/\/www.facebook.com\/thecuriouscultivar","article_modified_time":"2026-02-06T20:01:51+00:00","og_image":[{"width":2100,"height":1575,"url":"https:\/\/thecuriouscultivar.com\/wp-content\/uploads\/2026\/01\/IMG-8089-2.jpg","type":"image\/jpeg"}],"twitter_card":"summary_large_image","twitter_misc":{"Tiempo de lectura":"1 minuto"},"schema":{"@context":"https:\/\/schema.org","@graph":[{"@type":"WebPage","@id":"https:\/\/thecuriouscultivar.com\/product\/chernobyl-jalapeno-pepper\/","url":"https:\/\/thecuriouscultivar.com\/product\/chernobyl-jalapeno-pepper\/","name":"Jalape\u00f1o, Chernobyl Pepper - The Curious Cultivar","isPartOf":{"@id":"https:\/\/thecuriouscultivar.com\/#website"},"primaryImageOfPage":{"@id":"https:\/\/thecuriouscultivar.com\/product\/chernobyl-jalapeno-pepper\/#primaryimage"},"image":{"@id":"https:\/\/thecuriouscultivar.com\/product\/chernobyl-jalapeno-pepper\/#primaryimage"},"thumbnailUrl":"https:\/\/thecuriouscultivar.com\/wp-content\/uploads\/2026\/01\/IMG-8089-2.jpg","datePublished":"2026-02-01T14:34:12+00:00","dateModified":"2026-02-06T20:01:51+00:00","description":"The largest 'jalape\u00f1o' we've grown - though to be honest, the shape doesn't maintain much true jalape\u00f1o form.\u00a0 Great flavor, low heat and huge pods that resemble an elongated shishito. Origin for these peppers is Italy, but the original grower is unknown. Pods ripen from green to red and averaged about 8\" long.C. Annuum1,000 - 3,000 SHU10 seeds per pack","breadcrumb":{"@id":"https:\/\/thecuriouscultivar.com\/product\/chernobyl-jalapeno-pepper\/#breadcrumb"},"inLanguage":"es","potentialAction":[{"@type":"ReadAction","target":["https:\/\/thecuriouscultivar.com\/product\/chernobyl-jalapeno-pepper\/"]}]},{"@type":"ImageObject","inLanguage":"es","@id":"https:\/\/thecuriouscultivar.com\/product\/chernobyl-jalapeno-pepper\/#primaryimage","url":"https:\/\/thecuriouscultivar.com\/wp-content\/uploads\/2026\/01\/IMG-8089-2.jpg","contentUrl":"https:\/\/thecuriouscultivar.com\/wp-content\/uploads\/2026\/01\/IMG-8089-2.jpg","width":2100,"height":1575},{"@type":"BreadcrumbList","@id":"https:\/\/thecuriouscultivar.com\/product\/chernobyl-jalapeno-pepper\/#breadcrumb","itemListElement":[{"@type":"ListItem","position":1,"name":"Home","item":"https:\/\/thecuriouscultivar.com\/"},{"@type":"ListItem","position":2,"name":"Shop","item":"https:\/\/thecuriouscultivar.com\/shop\/"},{"@type":"ListItem","position":3,"name":"Jalape\u00f1o, Chernobyl Pepper"}]},{"@type":"WebSite","@id":"https:\/\/thecuriouscultivar.com\/#website","url":"https:\/\/thecuriouscultivar.com\/","name":"The Curious Cultivar","description":"","publisher":{"@id":"https:\/\/thecuriouscultivar.com\/#organization"},"potentialAction":[{"@type":"SearchAction","target":{"@type":"EntryPoint","urlTemplate":"https:\/\/thecuriouscultivar.com\/?s={search_term_string}"},"query-input":{"@type":"PropertyValueSpecification","valueRequired":true,"valueName":"search_term_string"}}],"inLanguage":"es"},{"@type":"Organization","@id":"https:\/\/thecuriouscultivar.com\/#organization","name":"The Curious Cultivar","url":"https:\/\/thecuriouscultivar.com\/","logo":{"@type":"ImageObject","inLanguage":"es","@id":"https:\/\/thecuriouscultivar.com\/#\/schema\/logo\/image\/","url":"https:\/\/thecuriouscultivar.com\/wp-content\/uploads\/2026\/02\/IMG-8824.jpg","contentUrl":"https:\/\/thecuriouscultivar.com\/wp-content\/uploads\/2026\/02\/IMG-8824.jpg","width":916,"height":632,"caption":"The Curious Cultivar"},"image":{"@id":"https:\/\/thecuriouscultivar.com\/#\/schema\/logo\/image\/"},"sameAs":["https:\/\/www.facebook.com\/thecuriouscultivar"]}]}},"jetpack_sharing_enabled":true,"_links":{"self":[{"href":"https:\/\/thecuriouscultivar.com\/es\/wp-json\/wp\/v2\/product\/2760","targetHints":{"allow":["GET"]}}],"collection":[{"href":"https:\/\/thecuriouscultivar.com\/es\/wp-json\/wp\/v2\/product"}],"about":[{"href":"https:\/\/thecuriouscultivar.com\/es\/wp-json\/wp\/v2\/types\/product"}],"replies":[{"embeddable":true,"href":"https:\/\/thecuriouscultivar.com\/es\/wp-json\/wp\/v2\/comments?post=2760"}],"wp:featuredmedia":[{"embeddable":true,"href":"https:\/\/thecuriouscultivar.com\/es\/wp-json\/wp\/v2\/media\/2564"}],"wp:attachment":[{"href":"https:\/\/thecuriouscultivar.com\/es\/wp-json\/wp\/v2\/media?parent=2760"}],"wp:term":[{"taxonomy":"product_brand","embeddable":true,"href":"https:\/\/thecuriouscultivar.com\/es\/wp-json\/wp\/v2\/product_brand?post=2760"},{"taxonomy":"product_cat","embeddable":true,"href":"https:\/\/thecuriouscultivar.com\/es\/wp-json\/wp\/v2\/product_cat?post=2760"},{"taxonomy":"product_tag","embeddable":true,"href":"https:\/\/thecuriouscultivar.com\/es\/wp-json\/wp\/v2\/product_tag?post=2760"}],"curies":[{"name":"wp","href":"https:\/\/api.w.org\/{rel}","templated":true}]}}